{"id":984,"date":"2017-03-21T10:20:52","date_gmt":"2017-03-21T10:20:52","guid":{"rendered":"http:\/\/dimaostroglad.de\/?page_id=984"},"modified":"2017-04-11T07:44:06","modified_gmt":"2017-04-11T05:44:06","slug":"darstellendes-spiel","status":"publish","type":"page","link":"https:\/\/www.dimaostroglad.de\/index.php\/darstellendes-spiel\/","title":{"rendered":"Darstellendes Spiel"},"content":{"rendered":"<p><a href=\"http:\/\/dimaostroglad.de\/wp-content\/uploads\/2017\/03\/DSP-16x9.jpg\"><img loading=\"lazy\" decoding=\"async\" class=\"alignnone size-full wp-image-985\" src=\"http:\/\/dimaostroglad.de\/wp-content\/uploads\/2017\/03\/DSP-16x9.jpg\" alt=\"\" width=\"1319\" height=\"742\" srcset=\"https:\/\/www.dimaostroglad.de\/wp-content\/uploads\/2017\/03\/DSP-16x9.jpg 1319w, https:\/\/www.dimaostroglad.de\/wp-content\/uploads\/2017\/03\/DSP-16x9-300x169.jpg 300w, https:\/\/www.dimaostroglad.de\/wp-content\/uploads\/2017\/03\/DSP-16x9-768x432.jpg 768w, https:\/\/www.dimaostroglad.de\/wp-content\/uploads\/2017\/03\/DSP-16x9-1024x576.jpg 1024w\" sizes=\"auto, (max-width: 1319px) 100vw, 1319px\" \/><\/a><\/p>\n<h5>Ziele<\/h5>\n<p>F\u00f6rderung der Kreativit\u00e4t, sozialer Kompetenzen, physischer, mentaler und emotionaler F\u00e4higkeiten der Sch\u00fcler durch \u00dcbungen, Spiele, Arbeit an einer Rolle und der Auff\u00fchrung.<\/p>\n<p>&nbsp;<\/p>\n<h5>Inhalte<\/h5>\n<h6>Physisches Training<\/h6>\n<p>Die TeilnehmerInnen werden durch ein Aufw\u00e4rmtraining auf die k\u00f6rperintensive Theaterarbeit vorbereitet. Es werden Muskelgruppen, Gelenke aufgew\u00e4rmt, was den K\u00f6rper in den Tonus bringt, Hemmungen abbaut und Verletzungsgefahr mindert. Dazu kommen \u00dcbungen zum vollst\u00e4ndigen Atmen, der Stimmbildung und der Artikulation.<\/p>\n<h6>Gruppendynamik, Aufmerksamkeit<\/h6>\n<p>Mit gezielten \u00dcbungen wird eine Gruppendynamik erreicht: die TeilnehmerInnen entwickeln das Gef\u00fchl der Verantwortung und des Vertrauens gegen\u00fcber den SpielpartnerInnen.<\/p>\n<h6>Improvisation<\/h6>\n<p>Durch Improspiele k\u00f6nnen sich die TeilnehmerInnen in unterschiedliche Rollen und Charaktere, auch in diverse Umst\u00e4nde und Situationen hineinversetzen. Es werden Meinungen gebildet und ausgetauscht, eigene Motive und Ansichten werden wahrgenommen. Die Auseinandersetzung mit Situationen, Verhaltensmustern und emotionalen Zust\u00e4nden bildet soziale und geistige F\u00e4higkeiten wie Empathie und Toleranz, Spontanit\u00e4t und Intuition aus.<\/p>\n<h6>Produktion und Auff\u00fchrung<\/h6>\n<p>Die Arbeit an einem St\u00fcck, das in der Regel am Ende des Kurses aufgef\u00fchrt wird, beginnt oft bereits in den ersten Unterrichtsstunden. Dadurch werden die TeilnehmerInnen motiviert die Techniken kennenzulernen und bekommen die M\u00f6glichkeit ihre Talente sowie die f\u00fcr sie relevante Themen zum Ausdruck zu bringen.<\/p>\n<hr \/>\n<h5>Meine Erfahrungen und Referenzen zu Schauspileunterricht<\/h5>\n<p><span style=\"font-size: 0.8em;\"><a href=\"http:\/\/dimaostroglad.de\/index.php\/2013\/10\/21\/telemach-auf-der-suche-jugendtheater\/\"><strong>THEATERSCHULE ZEPPELIN<\/strong><\/a> Hamburg \/\/ 2010-2014: Dozent f\u00fcr Schauspiel<br \/>\n<strong>DIE B\u00dcHNENHELDEN<\/strong> \/\/ 2014 \u2013 fortlaufend: Theatergruppe an der Behindertenhilfe Stiftung Anscharh\u00f6he, Theaterp\u00e4dagoge<br \/>\n<strong>DARSTELLENDES SPIEL<\/strong> \/\/ 2014: Lehrauftrag an der Max-Brauer-Schule Hamburg<br \/>\n<strong>DARSTELLENDES SPIEL<\/strong> \/\/ 2012: Lehrauftrag an der Stadtteilschule Hamburg \u2013 Mitte<br \/>\n<a href=\"http:\/\/dimaostroglad.de\/index.php\/2014\/10\/10\/meidengruppe-in-einem-fachuebergreifenden-projekt-von-deinfachtheater\/\"><strong>DEINFACHTHEATER<\/strong><\/a> \/\/ 2015-2016: Projekt an der Sophie-Barat-Schule Hamburg: Dozent f\u00fcr die F\u00e4cher Theater und Medien<br \/>\n<a href=\"http:\/\/dimaostroglad.de\/index.php\/2014\/11\/06\/theater-om\/\"><strong>THEATER OM<\/strong><\/a> \/\/ Schauspielkurs 2014-2016: Gr\u00fcndung, Schauspielunterricht<br \/>\n<strong>ABC BILDUNGS- UND TAGUNGSZENTRUM e.V.<\/strong> \/\/ 2014 \u2013 fortlaufend: Seminarleitung in Bereichen Theater, Film, Foto, Blog<br \/>\n<strong>WORKSHOP-LEITUNG<\/strong> \/\/ 2012-2013 an der Ernst-Moritz-Arndt-Universit\u00e4t Greifswald. Improtheater und Rollenarbeit<br \/>\n<strong>INTERKULTURELLE ARBEIT, THEATER UND KOMMUNIKATION<\/strong> \/\/ 2012: Leitung der Fortbildung Carcassonne, FR<\/span><\/p>\n","protected":false},"excerpt":{"rendered":"<p>Ziele F\u00f6rderung der Kreativit\u00e4t, sozialer Kompetenzen, physischer, mentaler und emotionaler F\u00e4higkeiten der Sch\u00fcler durch \u00dcbungen, Spiele, Arbeit an einer Rolle<\/p>\n","protected":false},"author":1,"featured_media":0,"parent":0,"menu_order":0,"comment_status":"closed","ping_status":"closed","template":"","meta":{"jetpack_post_was_ever_published":false,"footnotes":""},"class_list":["post-984","page","type-page","status-publish","hentry"],"jetpack_sharing_enabled":true,"jetpack_shortlink":"https:\/\/wp.me\/P6zGcX-fS","_links":{"self":[{"href":"https:\/\/www.dimaostroglad.de\/index.php\/wp-json\/wp\/v2\/pages\/984","targetHints":{"allow":["GET"]}}],"collection":[{"href":"https:\/\/www.dimaostroglad.de\/index.php\/wp-json\/wp\/v2\/pages"}],"about":[{"href":"https:\/\/www.dimaostroglad.de\/index.php\/wp-json\/wp\/v2\/types\/page"}],"author":[{"embeddable":true,"href":"https:\/\/www.dimaostroglad.de\/index.php\/wp-json\/wp\/v2\/users\/1"}],"replies":[{"embeddable":true,"href":"https:\/\/www.dimaostroglad.de\/index.php\/wp-json\/wp\/v2\/comments?post=984"}],"version-history":[{"count":12,"href":"https:\/\/www.dimaostroglad.de\/index.php\/wp-json\/wp\/v2\/pages\/984\/revisions"}],"predecessor-version":[{"id":1625,"href":"https:\/\/www.dimaostroglad.de\/index.php\/wp-json\/wp\/v2\/pages\/984\/revisions\/1625"}],"wp:attachment":[{"href":"https:\/\/www.dimaostroglad.de\/index.php\/wp-json\/wp\/v2\/media?parent=984"}],"curies":[{"name":"wp","href":"https:\/\/api.w.org\/{rel}","templated":true}]}}