{"id":77,"date":"2017-02-16T21:17:50","date_gmt":"2017-02-16T21:17:50","guid":{"rendered":"http:\/\/dimaostroglad.de\/?page_id=77"},"modified":"2024-05-06T13:35:54","modified_gmt":"2024-05-06T11:35:54","slug":"bildung","status":"publish","type":"page","link":"https:\/\/www.dimaostroglad.de\/index.php\/vita\/bildung\/","title":{"rendered":"Bildung und Fortbildung"},"content":{"rendered":"<p>&nbsp;<\/p>\n<p><span style=\"font-size: 0.8em;\">AUSBILDUNG IN<b> COACHING \/ SUPERVISION \u00a0<\/b>NACH<b> OPEN DIALOGUE <\/b>METHODE\u00a0<b>\u00a0<\/b>\/\/ 2022-2023 Research and Educational Center for Health Information Technology and Social Medicine \/ Sechenov University<\/span><\/p>\n<p><span style=\"font-size: 0.8em;\"><b>ZERTIFIZIERTE FORTBILDUNG IN <a href=\"http:\/\/dimaostroglad.de\/index.php\/2017\/03\/18\/betzavta\/\">BETZAVTA<\/a><\/b> \/\/ 2017 Gustav-Stresemann-Institut \/ Association Roudel, Pu\u010di\u0161\u0107a, CROATIA<\/span><\/p>\n<p><span style=\"font-size: 0.8em;\"><b>ZERTIFIZIERTE AUSBILDUNG IN <a href=\"http:\/\/dimaostroglad.de\/index.php\/2017\/03\/18\/sprachanimation\/\">SPRACHANIMATION<\/a><\/b> \/\/ 2015 Deutsch-Franz\u00f6sisches Jugendwerk DFJW\/OFAJ<\/span><\/p>\n<p><span style=\"font-size: 0.8em;\"><b>STUDIENABSCHLUSS Bachelor of Science an der HAW Hamburg<\/b> \/\/ 2015 Studiengang MEDIENTECHNIK. Bachelorarbeit zum Thema<br \/>\n<a href=\"http:\/\/dimaostroglad.de\/index.php\/2015\/08\/13\/methodisches-begleitmaterial-zum-film-hotel-california\/\"><em>&#8222;Eine Film-, und medienp\u00e4dagogische Anleitung zur kreativen Filmarbeit f\u00fcr schulische und au\u00dferschulische Bildungsst\u00e4tten&#8220;<\/em><\/a><\/span><\/p>\n<p><span style=\"font-size: 0.8em;\"><b>THERAPEUTIC DELIGHT<\/b>: AcroYoga\/Thai Massage Kursreihe bei Lucie Beyer \/\/ 2014<\/span><\/p>\n<p><span style=\"font-size: 0.8em;\"><b>IMPROTHEATER-KURS<\/b> bei Mignon Rem\u00e9 und Thorsten Neelmeyer (HIDDEN SHAKESPEARE) \/\/ 2012<\/span><\/p>\n<p><span style=\"font-size: 0.8em;\"><b>THEATERARBEIT MIT JUGENDLICHEN UND INTERKULTURELLES LERNEN <\/b>\/\/ 2012 zertifizierte Fortbildung. Smederevo, SERBIA<\/span><\/p>\n<p><span style=\"font-size: 0.8em;\"><b>CLOWN-WORKSHOP<\/b> bei Heidrun Ohnesorge \/\/ 2012 GALLI-THEATER<\/span><\/p>\n<p><span style=\"font-size: 0.8em;\"><b>THEATERSPIELEN UND INTERKULTURELLES LERNEN IN INTERNATIONALEN PROJEKTEN <\/b>\/\/ 2011 zertifizierte Fortbildung.Carcassone, FR<\/span><\/p>\n<p><span style=\"font-size: 0.8em;\"><b>K\u00d6RPER UND BLICK IM INTERKULTURELLEN AUSTAUSCH <\/b>\/\/ 2009 zertifizierte Fortbildung. Bochum, DE<\/span><\/p>\n<p><span style=\"font-size: 0.8em;\"><b>CARRERA DEL GANCHO &#8211; SOZIALES THEATER<\/b> \/\/ 2008 zertifizierte Fortbildung. Zaragoza, ESP<\/span><\/p>\n<p><span style=\"font-size: 0.8em;\"><b>INTERKULTURELLE ARBEIT UND STRASSENTHEATER <\/b>\/\/ 2008 zertifizierte Fortbildung. Ramonville, FR<\/span><\/p>\n<p><span style=\"font-size: 0.8em;\"><a href=\"http:\/\/dimaostroglad.de\/index.php\/2008\/07\/26\/locataire-interkulturelles-theaterprojekt-bei-festival-reve-de-ville-pau-fr-2008\/\"><b>INTERKULTURELLE ARBEIT UND STRASSENTHEATER: TRAUM EINER STADT<\/b> <\/a>\/\/ 2008 zertifizierte Fortbildung. Pau, FR<\/span><\/p>\n<p><span style=\"font-size: 0.8em;\"><b>K\u00d6RPER UND BLICK IM INTERKULTURELLEN AUSTAUSCH <\/b>\/\/ zertifizierte Fortbildung. Carcassone, FR<\/span><\/p>\n<p><span style=\"font-size: 0.8em;\"><a href=\"http:\/\/dimaostroglad.de\/index.php\/2007\/07\/07\/stage-europeen-2007-festival-de-theatre-de-rue-ramonville-fr\/\"><b>INTERKULTURELLE ARBEIT UND STRASSENTHEATER <\/b><\/a>\/\/ 2007 zertifizierte Fortbildung. Ramonville, FR <\/span><\/p>\n<p><span style=\"font-size: 0.8em;\"><b>RIMMINO \/\/ <\/b>2007-2010<b> \u00a0<\/b>Private<b>\u00a0<\/b>Schauspielschule Hamburg<\/span><\/p>\n<p>&nbsp;<\/p>\n","protected":false},"excerpt":{"rendered":"<p>&nbsp; AUSBILDUNG IN COACHING \/ SUPERVISION \u00a0NACH OPEN DIALOGUE METHODE\u00a0\u00a0\/\/ 2022-2023 Research and Educational Center for Health Information Technology and<\/p>\n","protected":false},"author":1,"featured_media":0,"parent":40,"menu_order":1,"comment_status":"closed","ping_status":"closed","template":"","meta":{"jetpack_post_was_ever_published":false,"footnotes":""},"class_list":["post-77","page","type-page","status-publish","hentry"],"jetpack_sharing_enabled":true,"jetpack_shortlink":"https:\/\/wp.me\/P6zGcX-1f","_links":{"self":[{"href":"https:\/\/www.dimaostroglad.de\/index.php\/wp-json\/wp\/v2\/pages\/77","targetHints":{"allow":["GET"]}}],"collection":[{"href":"https:\/\/www.dimaostroglad.de\/index.php\/wp-json\/wp\/v2\/pages"}],"about":[{"href":"https:\/\/www.dimaostroglad.de\/index.php\/wp-json\/wp\/v2\/types\/page"}],"author":[{"embeddable":true,"href":"https:\/\/www.dimaostroglad.de\/index.php\/wp-json\/wp\/v2\/users\/1"}],"replies":[{"embeddable":true,"href":"https:\/\/www.dimaostroglad.de\/index.php\/wp-json\/wp\/v2\/comments?post=77"}],"version-history":[{"count":54,"href":"https:\/\/www.dimaostroglad.de\/index.php\/wp-json\/wp\/v2\/pages\/77\/revisions"}],"predecessor-version":[{"id":2185,"href":"https:\/\/www.dimaostroglad.de\/index.php\/wp-json\/wp\/v2\/pages\/77\/revisions\/2185"}],"up":[{"embeddable":true,"href":"https:\/\/www.dimaostroglad.de\/index.php\/wp-json\/wp\/v2\/pages\/40"}],"wp:attachment":[{"href":"https:\/\/www.dimaostroglad.de\/index.php\/wp-json\/wp\/v2\/media?parent=77"}],"curies":[{"name":"wp","href":"https:\/\/api.w.org\/{rel}","templated":true}]}}