{"id":759,"date":"2017-03-16T15:13:29","date_gmt":"2017-03-16T15:13:29","guid":{"rendered":"http:\/\/dimaostroglad.de\/?page_id=759"},"modified":"2017-04-11T07:42:12","modified_gmt":"2017-04-11T05:42:12","slug":"projektwoche-film","status":"publish","type":"page","link":"https:\/\/www.dimaostroglad.de\/index.php\/projektwoche-film\/","title":{"rendered":"Projektwoche Film"},"content":{"rendered":"<p><a href=\"http:\/\/dimaostroglad.de\/wp-content\/uploads\/2017\/03\/ff.jpg\"><img loading=\"lazy\" decoding=\"async\" class=\"alignnone size-full wp-image-814\" src=\"http:\/\/dimaostroglad.de\/wp-content\/uploads\/2017\/03\/ff.jpg\" alt=\"\" width=\"5184\" height=\"3008\" srcset=\"https:\/\/www.dimaostroglad.de\/wp-content\/uploads\/2017\/03\/ff.jpg 5184w, https:\/\/www.dimaostroglad.de\/wp-content\/uploads\/2017\/03\/ff-300x174.jpg 300w, https:\/\/www.dimaostroglad.de\/wp-content\/uploads\/2017\/03\/ff-768x446.jpg 768w, https:\/\/www.dimaostroglad.de\/wp-content\/uploads\/2017\/03\/ff-1024x594.jpg 1024w\" sizes=\"auto, (max-width: 5184px) 100vw, 5184px\" \/><\/a><\/p>\n<p>Warum einen Film drehen?<\/p>\n<p>Der Film ist eines der beliebtesten Medien: alle lieben Filme schauen. Und wer wollte nicht schon einmal einen eigenen Film drehen? Das Potenzial des Filmes als Medium f\u00fcr Bildung und Pers\u00f6nlichkeitsentwicklung gewinnt auch an Schulen Anerkennung.<\/p>\n<p>Kreative Medienarbeit ist\u00a0gleicherma\u00dfen\u00a0bei\u00a0Sch\u00fclerInnen und\u00a0bei\u00a0LehrerInnen\u00a0beliebt, da sie die\u00a0Methoden und p\u00e4dagogische Prinzipien\u00a0mit sich bringt, die im Schulwesen oft zu kurz kommen. Es sind vor allem\u00a0freie kreative Gestaltungsr\u00e4ume,\u00a0Handelndes Lernen,\u00a0Gruppenarbeit.\u00a0Dadurch entstehen\u00a0Handlungsfelder, in den die Teilnehmenden spielerisch und ohne Leistungsdruck\u00a0vielf\u00e4ltige Kompetenzen erwerben k\u00f6nnen.\u00a0Man lernt mit\u00a0Technik umzugehen und zu gestalten, l\u00e4sst Kreativit\u00e4t spielen und bringt eigene Phantasien, Ideen und Ansichten zum Ausdruck. Durch gemeinsames Arbeiten erwirbt man soziale Kompetenzen und erf\u00e4hrt Selbstwirksamkeit. Macht man den eigenen Film der \u00d6ffentlichkeit zug\u00e4nglich, nimmt man am gesellschaftspolitischen und kulturellen Leben teil. Das Medium hat durch die Vielfalt der Gestaltungsbereiche einen gro\u00dfen Integration- und Inklusionspotential.<\/p>\n<p>Ein Filmprojekt\u00a0ist nicht nur ein wirksames Werkzeug um Themen\u00a0und Inhalte zu behandeln, sondern\u00a0auch um\u00a0Konflikte innerhalb der Gruppe zu l\u00f6sen, Kommunikation anzuregen, eine freundschaftliche und\u00a0motivierte\u00a0Atmosph\u00e4re in der Klasse zu schaffen.<\/p>\n<hr \/>\n<h6>P\u00e4dagogische Prinzipien der kreativen Medienarbeit:<\/h6>\n<p>Gruppenarbeit<br \/>\nHandelndes Lernen und freie Gestaltungsr\u00e4ume<br \/>\nSelbstwirksamkeit, Einsch\u00e4tzung der Erfolgserlebnisse und Frustrationserfahrungen<br \/>\nGewichtung in der Prozess-, bzw. Ergebnisorientierung<\/p>\n<h6>Vorteile der kreativen Filmarbeit:<\/h6>\n<p>Sachkompetenzen durch inhaltliches Arbeiten<br \/>\nErlernen der gestalterischen Grundlagen<br \/>\nKreativit\u00e4t und Ausdruck<br \/>\nSoziale Kompetenzen<br \/>\nGesellschaftspolitische und kulturelle Partizipation<br \/>\nIntegration- und Inklusionspotential<\/p>\n<hr \/>\n<h6>Workshop-Inhalte<\/h6>\n<p>In einem Filmworkshop lernt die Gruppe die Theorie und die Praxis des Filmemachens: sowohl die Technik als auch die Gestaltung. Alle TeilnehmerInnen bekommen Einblick in verschiedene Gewerke. Bei eigenem Filmprojekt widmet sich jeder Teilnehmende einem\u00a0der Bereiche:<\/p>\n<p>Regie \/\u00a0Drehbuch \/\u00a0Kamera \/\u00a0Ton \/\u00a0Licht \/\u00a0Schnitt \/\u00a0Produktion: Organisation und Planung<\/p>\n<p>Je nach Gruppengr\u00f6\u00dfe k\u00f6nnen Bereiche zusammengelegt werden oder ganz wegfallen. Im Extremfall \u00fcbernimmt eine Person alle Aufgaben&#8230; Ja, selbst das geht.<\/p>\n<h6>Technik<\/h6>\n<p>Bedienung der Kamera<br \/>\nLicht und Ton<br \/>\nSchnittprogramm<\/p>\n<h6>Gestaltung<\/h6>\n<p>Von der Idee zum Plot zum Drehbuch zum Storyboard<br \/>\nKameraf\u00fchrung: Bildgestaltung, Einstellungsgr\u00f6\u00dfen, Dialog filmen, etc<br \/>\nSchnitt und Effekte<\/p>\n<h6>Organisation<\/h6>\n<p>Produktionsleitung<br \/>\nAufnahmeleitung<br \/>\nUrheberrecht, Creative Commons<\/p>\n<hr \/>\n<h6>Meine Erfahrungen und Referenzen zum Medium Film<\/h6>\n<p><span style=\"font-size: 0.8em;\"><strong>Abschlussarbeit <\/strong>im Medientechnik-Studium an der HAW Hamburg, Thema:<br \/>\n<i><a href=\"http:\/\/dimaostroglad.de\/index.php\/2015\/08\/13\/methodisches-begleitmaterial-zum-film-hotel-california\/\">&#8222;Eine Film-, und medienp\u00e4dagogische Anleitung zur kreativen Filmarbeit f\u00fcr schulische und au\u00dferschulische Bildungsst\u00e4tten&#8220;<\/a><br \/>\n<\/i><\/span><span style=\"font-size: 0.8em;\"><strong>Film-Workshopleitung<\/strong> im ABC Bildungs- und Tagungszentrum e.V. seit 2014<br \/>\n<strong>&#8222;HOTEL CALIFORNIA \u2013 Kurzspielfilm mit Norddeutschen aus aller Welt&#8220; 2014 <\/strong> \/\/ Kamera-Kranoperator, politische Bildung<br \/>\n<strong>Festanstellung bei SIGNED MEDIA<\/strong> GmbH \/\/ Dokumentation, Reportagen f\u00fcr ARTE, ARD, ZDF\u2026 Abteilung Schnitt und Kamera<br \/>\n<\/span><span style=\"font-size: 0.8em;\"><strong>BTA f\u00fcr Bild und Ton<\/strong> \/\/ NDR, Studio Berlin Adlershof, MVST-Bremen, three4media<br \/>\n<strong><a href=\"http:\/\/dimaostroglad.de\/index.php\/2010\/11\/15\/medien\/\">&#8222;ANATOMY OF FANTASY&#8220;<\/a> 2012<\/strong> \/\/ Regie bei Imagefilm-Produktion, Koop. HAW Hamburg \u2013 Studio Hamburg<br \/>\n<strong>&#8222;MANON LESCAUT &#8211; die Internetoper&#8220; 2011<\/strong> \/\/ Leitung der Videoabteilung bei Filmprojekt, Koop. HAW Hamburg \u2013 Studio Hamburg<br \/>\n<strong>F\u00e4cher &#8222;Analoge Fotografie&#8220; und &#8222;Filmeffekte&#8220;<\/strong> bei Experimentalfilmemacher und Physiker Bernd Upnmoor an der HAW Hamburg<br \/>\n<strong>Filmakademie Baden-W\u00fcrttemberg<\/strong> \/\/ Praktikum<br \/>\n<strong>&#8222;NEULAND&#8220; 2004 und &#8222;LUFTSCHIFF&#8220; 2003 <\/strong> &#8211; Kurzfilme von Stefan Hering \/\/ Produktionsassistenz<\/span><\/p>\n","protected":false},"excerpt":{"rendered":"<p>Warum einen Film drehen? Der Film ist eines der beliebtesten Medien: alle lieben Filme schauen. Und wer wollte nicht schon<\/p>\n","protected":false},"author":1,"featured_media":0,"parent":0,"menu_order":0,"comment_status":"closed","ping_status":"closed","template":"","meta":{"jetpack_post_was_ever_published":false,"footnotes":""},"class_list":["post-759","page","type-page","status-publish","hentry"],"jetpack_sharing_enabled":true,"jetpack_shortlink":"https:\/\/wp.me\/P6zGcX-cf","_links":{"self":[{"href":"https:\/\/www.dimaostroglad.de\/index.php\/wp-json\/wp\/v2\/pages\/759","targetHints":{"allow":["GET"]}}],"collection":[{"href":"https:\/\/www.dimaostroglad.de\/index.php\/wp-json\/wp\/v2\/pages"}],"about":[{"href":"https:\/\/www.dimaostroglad.de\/index.php\/wp-json\/wp\/v2\/types\/page"}],"author":[{"embeddable":true,"href":"https:\/\/www.dimaostroglad.de\/index.php\/wp-json\/wp\/v2\/users\/1"}],"replies":[{"embeddable":true,"href":"https:\/\/www.dimaostroglad.de\/index.php\/wp-json\/wp\/v2\/comments?post=759"}],"version-history":[{"count":17,"href":"https:\/\/www.dimaostroglad.de\/index.php\/wp-json\/wp\/v2\/pages\/759\/revisions"}],"predecessor-version":[{"id":1623,"href":"https:\/\/www.dimaostroglad.de\/index.php\/wp-json\/wp\/v2\/pages\/759\/revisions\/1623"}],"wp:attachment":[{"href":"https:\/\/www.dimaostroglad.de\/index.php\/wp-json\/wp\/v2\/media?parent=759"}],"curies":[{"name":"wp","href":"https:\/\/api.w.org\/{rel}","templated":true}]}}