{"id":747,"date":"2017-03-16T14:51:47","date_gmt":"2017-03-16T14:51:47","guid":{"rendered":"http:\/\/dimaostroglad.de\/?page_id=747"},"modified":"2017-03-31T10:29:14","modified_gmt":"2017-03-31T10:29:14","slug":"theaterprojekt","status":"publish","type":"page","link":"https:\/\/www.dimaostroglad.de\/index.php\/internationale-begegnungen\/theaterprojekt\/","title":{"rendered":"Theaterprojekt"},"content":{"rendered":"<p><a href=\"http:\/\/dimaostroglad.de\/wp-content\/uploads\/2017\/03\/int-Theater.jpg\"><img loading=\"lazy\" decoding=\"async\" class=\"alignnone size-full wp-image-1155\" src=\"http:\/\/dimaostroglad.de\/wp-content\/uploads\/2017\/03\/int-Theater.jpg\" alt=\"\" width=\"799\" height=\"445\" srcset=\"https:\/\/www.dimaostroglad.de\/wp-content\/uploads\/2017\/03\/int-Theater.jpg 799w, https:\/\/www.dimaostroglad.de\/wp-content\/uploads\/2017\/03\/int-Theater-300x167.jpg 300w, https:\/\/www.dimaostroglad.de\/wp-content\/uploads\/2017\/03\/int-Theater-768x428.jpg 768w\" sizes=\"auto, (max-width: 799px) 100vw, 799px\" \/><\/a><\/p>\n<p>Ein Theaterprojekt mit Menschen, die verschiedene kulturelle Hintergr\u00fcnde haben ist eine wirksame Methode zur Auseinandersetzung mit verschiedensten Themen und Inhalten und ein hervorragender Rahmen f\u00fcr eine interkulturelle und pers\u00f6nliche Begegnung. Die kommunikativen und gestalterischen Mittel im theatralen Prozess gehen weit \u00fcber Sprache hinaus und umfangen nonverbale Kommunikation, K\u00f6rpersprache und emotionalen Austausch. Auf diese Weise k\u00f6nnen Hemmungen und Vorurteile wirksam abgebaut werden, eine gegenseitige \u00d6ffnung wird beg\u00fcnstigt. <\/p>\n<p>Die Teilnehmenden lernen trotz ggf. vorhandenen sprach- und soziokulturelle Barrieren zu kommunizieren und sch\u00f6pferisch zusammen zu arbeiten. Sie lernen ihren Spielpartnern zu vertrauen und Verantwortung zu \u00fcbernehmen. In einem spielerischen Prozess mit gro\u00dfem Unterhaltungs- und Spa\u00dffaktor und ganz ohne Leistungsdruck haben sie die Chance eigene St\u00e4rken und F\u00e4higkeiten zu entdecken, sich auszudrucken und am gesellschaftspolitischen Leben teil zu nehmen. <\/p>\n","protected":false},"excerpt":{"rendered":"<p>Ein Theaterprojekt mit Menschen, die verschiedene kulturelle Hintergr\u00fcnde haben ist eine wirksame Methode zur Auseinandersetzung mit verschiedensten Themen und Inhalten<\/p>\n","protected":false},"author":1,"featured_media":0,"parent":256,"menu_order":1,"comment_status":"closed","ping_status":"closed","template":"","meta":{"jetpack_post_was_ever_published":false,"footnotes":""},"class_list":["post-747","page","type-page","status-publish","hentry"],"jetpack_sharing_enabled":true,"jetpack_shortlink":"https:\/\/wp.me\/P6zGcX-c3","_links":{"self":[{"href":"https:\/\/www.dimaostroglad.de\/index.php\/wp-json\/wp\/v2\/pages\/747","targetHints":{"allow":["GET"]}}],"collection":[{"href":"https:\/\/www.dimaostroglad.de\/index.php\/wp-json\/wp\/v2\/pages"}],"about":[{"href":"https:\/\/www.dimaostroglad.de\/index.php\/wp-json\/wp\/v2\/types\/page"}],"author":[{"embeddable":true,"href":"https:\/\/www.dimaostroglad.de\/index.php\/wp-json\/wp\/v2\/users\/1"}],"replies":[{"embeddable":true,"href":"https:\/\/www.dimaostroglad.de\/index.php\/wp-json\/wp\/v2\/comments?post=747"}],"version-history":[{"count":4,"href":"https:\/\/www.dimaostroglad.de\/index.php\/wp-json\/wp\/v2\/pages\/747\/revisions"}],"predecessor-version":[{"id":1258,"href":"https:\/\/www.dimaostroglad.de\/index.php\/wp-json\/wp\/v2\/pages\/747\/revisions\/1258"}],"up":[{"embeddable":true,"href":"https:\/\/www.dimaostroglad.de\/index.php\/wp-json\/wp\/v2\/pages\/256"}],"wp:attachment":[{"href":"https:\/\/www.dimaostroglad.de\/index.php\/wp-json\/wp\/v2\/media?parent=747"}],"curies":[{"name":"wp","href":"https:\/\/api.w.org\/{rel}","templated":true}]}}