{"id":190,"date":"2017-02-17T15:03:20","date_gmt":"2017-02-17T15:03:20","guid":{"rendered":"http:\/\/dimaostroglad.de\/?page_id=190"},"modified":"2017-04-11T07:37:43","modified_gmt":"2017-04-11T05:37:43","slug":"filmseminar","status":"publish","type":"page","link":"https:\/\/www.dimaostroglad.de\/index.php\/filmseminar\/","title":{"rendered":"Film &#8211; Workshop"},"content":{"rendered":"<h5><a href=\"http:\/\/dimaostroglad.de\/wp-content\/uploads\/2017\/03\/ff-1024x594-1.jpg\"><img loading=\"lazy\" decoding=\"async\" class=\"alignnone size-full wp-image-1223\" src=\"http:\/\/dimaostroglad.de\/wp-content\/uploads\/2017\/03\/ff-1024x594-1.jpg\" alt=\"\" width=\"800\" height=\"448\" srcset=\"https:\/\/www.dimaostroglad.de\/wp-content\/uploads\/2017\/03\/ff-1024x594-1.jpg 800w, https:\/\/www.dimaostroglad.de\/wp-content\/uploads\/2017\/03\/ff-1024x594-1-300x168.jpg 300w, https:\/\/www.dimaostroglad.de\/wp-content\/uploads\/2017\/03\/ff-1024x594-1-768x430.jpg 768w\" sizes=\"auto, (max-width: 800px) 100vw, 800px\" \/><\/a><\/h5>\n<h5>Warum einen Film drehen? Ziele des Workshops<\/h5>\n<p>Der Film ist eines der beliebtesten Medien: alle lieben Filme schauen. Und wer wollte nicht schon einmal einen eigenen Film drehen? Das Potenzial des Filmes als Medium f\u00fcr Bildung und Pers\u00f6nlichkeitsentwicklung gewinnt immer mehr Anerkennung: an Schulen, in au\u00dferschulischen und Erwachsenen-Bildung.<\/p>\n<p>In einem Filmworkshop lernt man mit Technik umzugehen und zu gestalten, l\u00e4sst Kreativit\u00e4t spielen und bringt eigene Phantasien, Ideen und Ansichten zum Ausdruck. Durch gemeinsames Arbeiten erwirbt man soziale Kompetenzen und erf\u00e4hrt Selbstwirksamkeit. Macht man den eigenen Film der \u00d6ffentlichkeit zug\u00e4nglich, nimmt man am gesellschaftspolitischen und kulturellen Leben teil. Das Medium hat durch die Vielfalt der Gestaltungsbereiche einen gro\u00dfen Integration- und Inklusionspotential. Es ist ein wunderbares Tool.<\/p>\n<p>In einem Filmworkshop lernst du die Theorie und die Praxis des Filmemachens: sowohl die Technik als auch die Gestaltung. Alle TeilnehmerInnen bekommen Einblick in verschiedene Gewerke; bei der eigenen Filmproduktion widmest du dich dann in der Regel einem der Bereiche:<\/p>\n<p>Regie<br \/>\nDrehbuch<br \/>\nKamera<br \/>\nTon<br \/>\nLicht<br \/>\nSchnitt<br \/>\nProduktion: Organisation und Planung<\/p>\n<p>Je nach Gruppengr\u00f6\u00dfe k\u00f6nnen Bereiche zusammengelegt werden oder ganz wegfallen. Im Extremfall \u00fcbernimmt eine Person alle Aufgaben&#8230; ja, selbst das geht.<\/p>\n<p>&nbsp;<\/p>\n<hr \/>\n<h4>M\u00f6gliche Workshop-Inhalte<\/h4>\n<h6>Technik<\/h6>\n<p>Bedienung der Kamera<br \/>\nLicht und Ton<br \/>\nSchnittprogramm<\/p>\n<p>&nbsp;<\/p>\n<h6>Gestaltung<\/h6>\n<p>Von der Idee zum Plot zum Drehbuch zum Storyboard<br \/>\nKameraf\u00fchrung: Bildgestaltung, Einstellungsgr\u00f6\u00dfen, Dialog filmen, etc<br \/>\nSchnitt und Effekte<\/p>\n<p>&nbsp;<\/p>\n<h6>Organisation<\/h6>\n<p>Produktionsleitung<br \/>\nAufnahmeleitung<br \/>\nUrheberrecht, Creative Commons<\/p>\n<hr \/>\n<h6>Meine Erfahrungen und Referenzen zum Medium Film<\/h6>\n<p><span style=\"font-size: 0.8em;\"><strong>Film-Workshopleitung<\/strong> im ABC Bildungs- und Tagungszentrum e.V. seit 2014<br \/>\n<strong>Abschlussarbeit im Medientechnik-Studium an der HAW Hamburg<\/strong>, Thema:<br \/>\n<a href=\"http:\/\/dimaostroglad.de\/index.php\/2015\/08\/13\/methodisches-begleitmaterial-zum-film-hotel-california\/\"><i>&#8222;Eine Film-, und medienp\u00e4dagogische Anleitung zur kreativen Filmarbeit f\u00fcr schulische und au\u00dferschulische Bildungsst\u00e4tten&#8220; <\/i><\/a><br \/>\n<strong>Festanstellung bei SIGNED MEDIA GmbH<\/strong> \/\/ Dokumentation, Reportagen f\u00fcr ARTE, ARD, ZDF\u2026 Abteilung Schnitt und Kamera<br \/>\n<strong><a href=\"http:\/\/hotelcaliforniafilm.de\">&#8222;HOTEL CALIFORNIA \u2013 Kurzspielfilm mit Norddeutschen aus aller Welt&#8220;<\/a> 2014<\/strong> \/\/ Kamera-Kranoperator, politische Bildung<br \/>\n<strong>BTA f\u00fcr Bild und Ton<\/strong> \/\/ NDR, Studio Berlin Adlershof, MVST-Bremen, three4media<br \/>\n<strong><a href=\"http:\/\/dimaostroglad.de\/index.php\/2010\/11\/15\/medien\/\">&#8222;ANATOMY OF FANTASY&#8220;<\/a> 2012<\/strong> \/\/ Regie bei Imagefilm-Produktion, Koop. HAW Hamburg \u2013 Studio Hamburg<br \/>\n<strong>&#8222;MANON LESCAUT &#8211; die Internetoper&#8220; 2011<\/strong> \/\/ Leitung der Videoabteilung bei Filmprojekt, Koop. HAW Hamburg \u2013 Studio Hamburg<br \/>\n<strong>F\u00e4cher &#8222;Analoge Fotografie&#8220; und &#8222;Filmeffekte&#8220;<\/strong> bei Experimentalfilmemacher und Physiker Bernd Upnmoor an der HAW Hamburg<br \/>\n<strong>Filmakademie Baden-W\u00fcrttemberg<\/strong> \/\/ Praktikum<br \/>\n<strong>&#8222;NEULAND&#8220; 2004 und &#8222;LUFTSCHIFF&#8220; 2003 &#8211; Kurzfilme von Stefan Hering<\/strong> \/\/ Produktionsassistenz<\/span><\/p>\n","protected":false},"excerpt":{"rendered":"<p>Warum einen Film drehen? Ziele des Workshops Der Film ist eines der beliebtesten Medien: alle lieben Filme schauen. Und wer<\/p>\n","protected":false},"author":1,"featured_media":0,"parent":0,"menu_order":0,"comment_status":"closed","ping_status":"closed","template":"","meta":{"jetpack_post_was_ever_published":false,"footnotes":""},"class_list":["post-190","page","type-page","status-publish","hentry"],"jetpack_sharing_enabled":true,"jetpack_shortlink":"https:\/\/wp.me\/P6zGcX-34","_links":{"self":[{"href":"https:\/\/www.dimaostroglad.de\/index.php\/wp-json\/wp\/v2\/pages\/190","targetHints":{"allow":["GET"]}}],"collection":[{"href":"https:\/\/www.dimaostroglad.de\/index.php\/wp-json\/wp\/v2\/pages"}],"about":[{"href":"https:\/\/www.dimaostroglad.de\/index.php\/wp-json\/wp\/v2\/types\/page"}],"author":[{"embeddable":true,"href":"https:\/\/www.dimaostroglad.de\/index.php\/wp-json\/wp\/v2\/users\/1"}],"replies":[{"embeddable":true,"href":"https:\/\/www.dimaostroglad.de\/index.php\/wp-json\/wp\/v2\/comments?post=190"}],"version-history":[{"count":128,"href":"https:\/\/www.dimaostroglad.de\/index.php\/wp-json\/wp\/v2\/pages\/190\/revisions"}],"predecessor-version":[{"id":1619,"href":"https:\/\/www.dimaostroglad.de\/index.php\/wp-json\/wp\/v2\/pages\/190\/revisions\/1619"}],"wp:attachment":[{"href":"https:\/\/www.dimaostroglad.de\/index.php\/wp-json\/wp\/v2\/media?parent=190"}],"curies":[{"name":"wp","href":"https:\/\/api.w.org\/{rel}","templated":true}]}}