{"id":118,"date":"2017-02-16T21:42:32","date_gmt":"2017-02-16T21:42:32","guid":{"rendered":"http:\/\/dimaostroglad.de\/?page_id=118"},"modified":"2017-03-30T20:26:15","modified_gmt":"2017-03-30T20:26:15","slug":"improvisation","status":"publish","type":"page","link":"https:\/\/www.dimaostroglad.de\/index.php\/kurse\/improvisation\/","title":{"rendered":"Improvisation &#8211; Kurs"},"content":{"rendered":"<p><a href=\"http:\/\/dimaostroglad.de\/wp-content\/uploads\/2017\/02\/aaa-1.jpg\"><img loading=\"lazy\" decoding=\"async\" class=\"alignnone size-full wp-image-788\" src=\"http:\/\/dimaostroglad.de\/wp-content\/uploads\/2017\/02\/aaa-1.jpg\" alt=\"\" width=\"3456\" height=\"1995\" srcset=\"https:\/\/www.dimaostroglad.de\/wp-content\/uploads\/2017\/02\/aaa-1.jpg 3456w, https:\/\/www.dimaostroglad.de\/wp-content\/uploads\/2017\/02\/aaa-1-300x173.jpg 300w, https:\/\/www.dimaostroglad.de\/wp-content\/uploads\/2017\/02\/aaa-1-768x443.jpg 768w, https:\/\/www.dimaostroglad.de\/wp-content\/uploads\/2017\/02\/aaa-1-1024x591.jpg 1024w\" sizes=\"auto, (max-width: 3456px) 100vw, 3456px\" \/><\/a><\/p>\n<h5>Warum improvisieren?<\/h5>\n<p>Theaterimprovisation ist eine Erfahrung, die ich jedem als Herz legen w\u00fcrde &#8211; unabh\u00e4ngig vom Alter, Beruf und Charakter. F\u00fcr Schauspieler ist es eine bereichernde \u00dcbung. F\u00fcr alle ist es eine Praktik, die der pers\u00f6nlichen Entfaltung dient. Aus\u00a0der\u00a0Auseinandersetzung mit Situationen und\u00a0emotionalen Zust\u00e4nden, Reaktionen und Verhaltensmustern erbl\u00fchen Intuition, Spontanit\u00e4t und\u00a0Empathie. Die verr\u00fccktesten Figuren und die spannendsten Geschichten entstehen ohne Anstrengung, angetrieben durch die spielerische Kraft deiner Fantasie.<\/p>\n<p>Ja, es macht einen Riesenspa\u00df!<\/p>\n<hr \/>\n<h5>Inhalte<\/h5>\n<p>Spielerische Warm-Ups f\u00fcr K\u00f6rper, Atem und Stimme<br \/>\nEnergizer und \u00dcbungen f\u00fcr Gruppendynamik<\/p>\n<p><strong>Partnerspiel:<\/strong><br \/>\nImpulse: erkennen, aufnehmen, weiterleiten<br \/>\nF\u00fchren und folgen<br \/>\nAngebote<br \/>\nAktion und Reaktion<br \/>\nAssoziieren<\/p>\n<p><strong>Figur:<\/strong><br \/>\nJa zu eigenen Impulsen<br \/>\nInnerer Tempo-Rhythmus<br \/>\nK\u00f6rperschwerpunkte<br \/>\nBeziehung und Status<br \/>\nMotivationslinien<\/p>\n<p><strong>Szene:<\/strong><br \/>\nBehaupten und Etablieren<br \/>\nRoutine und Unterbrechung<br \/>\nDramaturgische Elemente<br \/>\nKurz- und Langformen<br \/>\n&nbsp;<\/p>\n<hr \/>\n<h6>Meine Erfahrungen und Referenzen zu Improtheater<\/h6>\n<p><span style=\"font-size: 0.8em;\">LASS FLIESSEN \/\/ 2014-2015: Improworkshop-Reihe f\u00fcr alle Altersstufen gem. mit Michel B\u00fcch am Theater Zeppelin<br \/>\nImprotheater-Workshop-Leitung \/\/ 2012-2013: an der Ernst-Moritz-Arndt-Universit\u00e4t Greifswald<br \/>\nSECRET IMPRO MATCH \/\/ 2012-2013: Theatersport-Abend (monatlich). Konzept, Veranstaltung, Moderation<br \/>\nImprotheater-Kurs \/\/ bei Mignon Rem\u00e9 und Thorsten Neelmeyer (<a href=\"http:\/\/hiddenshakespeare.de\">HIDDEN SHAKESPEARE<\/a>) 2012<br \/>\nImprotheater-Workshops \/\/ bei <a href=\"http:\/\/www.collectifpretaporter.fr\/equipe\/albin-warette\">Albin Warette<\/a>, Theater- und Zirkusregisseur, Schauspieler und Akrobat: 2007(FR), 2008(FR), 2011(FR), 2012(SRB)<\/span><\/p>\n","protected":false},"excerpt":{"rendered":"<p>Warum improvisieren? Theaterimprovisation ist eine Erfahrung, die ich jedem als Herz legen w\u00fcrde &#8211; unabh\u00e4ngig vom Alter, Beruf und Charakter.<\/p>\n","protected":false},"author":1,"featured_media":788,"parent":99,"menu_order":1,"comment_status":"closed","ping_status":"closed","template":"","meta":{"jetpack_post_was_ever_published":false,"footnotes":""},"class_list":["post-118","page","type-page","status-publish","has-post-thumbnail","hentry"],"jetpack_sharing_enabled":true,"jetpack_shortlink":"https:\/\/wp.me\/P6zGcX-1U","_links":{"self":[{"href":"https:\/\/www.dimaostroglad.de\/index.php\/wp-json\/wp\/v2\/pages\/118","targetHints":{"allow":["GET"]}}],"collection":[{"href":"https:\/\/www.dimaostroglad.de\/index.php\/wp-json\/wp\/v2\/pages"}],"about":[{"href":"https:\/\/www.dimaostroglad.de\/index.php\/wp-json\/wp\/v2\/types\/page"}],"author":[{"embeddable":true,"href":"https:\/\/www.dimaostroglad.de\/index.php\/wp-json\/wp\/v2\/users\/1"}],"replies":[{"embeddable":true,"href":"https:\/\/www.dimaostroglad.de\/index.php\/wp-json\/wp\/v2\/comments?post=118"}],"version-history":[{"count":41,"href":"https:\/\/www.dimaostroglad.de\/index.php\/wp-json\/wp\/v2\/pages\/118\/revisions"}],"predecessor-version":[{"id":1198,"href":"https:\/\/www.dimaostroglad.de\/index.php\/wp-json\/wp\/v2\/pages\/118\/revisions\/1198"}],"up":[{"embeddable":true,"href":"https:\/\/www.dimaostroglad.de\/index.php\/wp-json\/wp\/v2\/pages\/99"}],"wp:featuredmedia":[{"embeddable":true,"href":"https:\/\/www.dimaostroglad.de\/index.php\/wp-json\/wp\/v2\/media\/788"}],"wp:attachment":[{"href":"https:\/\/www.dimaostroglad.de\/index.php\/wp-json\/wp\/v2\/media?parent=118"}],"curies":[{"name":"wp","href":"https:\/\/api.w.org\/{rel}","templated":true}]}}